{"id":227,"date":"2023-08-21T18:14:01","date_gmt":"2023-08-21T21:14:01","guid":{"rendered":"https:\/\/souzagaseagua.com\/?page_id=227"},"modified":"2023-08-21T18:55:02","modified_gmt":"2023-08-21T21:55:02","slug":"politica-de-privacidade","status":"publish","type":"page","link":"https:\/\/souzagaseagua.com\/index.php\/politica-de-privacidade\/","title":{"rendered":"Politica de Privacidade"},"content":{"rendered":"<p>[et_pb_section fb_built=&#8221;1&#8243; admin_label=&#8221;Services&#8221; _builder_version=&#8221;4.16&#8243; custom_padding=&#8221;90px||90px|&#8221; locked=&#8221;off&#8221; global_colors_info=&#8221;{}&#8221; _module_preset=&#8221;default&#8221; theme_builder_area=&#8221;post_content&#8221;][et_pb_row _builder_version=&#8221;4.16&#8243; background_size=&#8221;initial&#8221; background_position=&#8221;top_left&#8221; background_repeat=&#8221;repeat&#8221; custom_width_px=&#8221;710px&#8221; global_colors_info=&#8221;{}&#8221; _module_preset=&#8221;default&#8221; theme_builder_area=&#8221;post_content&#8221;][et_pb_column type=&#8221;4_4&#8243; _builder_version=&#8221;4.16&#8243; background_position=&#8221;top_left&#8221; custom_padding=&#8221;|||&#8221; global_colors_info=&#8221;{}&#8221; custom_padding__hover=&#8221;|||&#8221; _module_preset=&#8221;default&#8221; theme_builder_area=&#8221;post_content&#8221;][et_pb_divider color=&#8221;#4e5ed0&#8243; divider_weight=&#8221;3px&#8221; disabled_on=&#8221;off|off|off&#8221; _builder_version=&#8221;4.16&#8243; background_color_gradient_direction=&#8221;90deg&#8221; max_width=&#8221;100px&#8221; module_alignment=&#8221;center&#8221; height=&#8221;5px&#8221; custom_margin=&#8221;||20px|&#8221; custom_padding=&#8221;||20px|&#8221; animation_style=&#8221;slide&#8221; animation_direction=&#8221;bottom&#8221; saved_tabs=&#8221;all&#8221; locked=&#8221;off&#8221; global_colors_info=&#8221;{}&#8221; _module_preset=&#8221;default&#8221; theme_builder_area=&#8221;post_content&#8221;][\/et_pb_divider][et_pb_text admin_label=&#8221;Services Section Title&#8221; _builder_version=&#8221;4.17.4&#8243; header_font=&#8221;Montserrat||||&#8221; header_text_color=&#8221;#1f1f1f&#8221; header_font_size=&#8221;36px&#8221; text_orientation=&#8221;center&#8221; max_width=&#8221;710px&#8221; module_alignment=&#8221;center&#8221; animation_style=&#8221;fold&#8221; animation_direction=&#8221;bottom&#8221; animation_intensity_fold=&#8221;20%&#8221; hover_enabled=&#8221;0&#8243; global_colors_info=&#8221;{}&#8221; _module_preset=&#8221;default&#8221; theme_builder_area=&#8221;post_content&#8221; text_font_size=&#8221;31px&#8221; sticky_enabled=&#8221;0&#8243;]<\/p>\n<p data-sourcepos=\"1:1-1:40\"><strong>Pol\u00edtica de Privacidade da Souza G\u00e1s<\/strong><\/p>\n<p>[\/et_pb_text][et_pb_text admin_label=&#8221;Services Section Subtitle&#8221; _builder_version=&#8221;4.16&#8243; text_font_size=&#8221;16px&#8221; text_line_height=&#8221;1.9em&#8221; background_size=&#8221;initial&#8221; background_position=&#8221;top_left&#8221; background_repeat=&#8221;repeat&#8221; text_orientation=&#8221;center&#8221; max_width=&#8221;710px&#8221; module_alignment=&#8221;center&#8221; animation_style=&#8221;fold&#8221; animation_direction=&#8221;bottom&#8221; animation_intensity_fold=&#8221;20%&#8221; global_colors_info=&#8221;{}&#8221; _module_preset=&#8221;default&#8221; theme_builder_area=&#8221;post_content&#8221;]<\/p>\n<p data-sourcepos=\"3:1-3:14\"><strong>Introdu\u00e7\u00e3o<\/strong><\/p>\n<p data-sourcepos=\"5:1-5:169\">A Souza G\u00e1s est\u00e1 comprometida em proteger a privacidade de seus clientes. Esta pol\u00edtica de privacidade descreve como coletamos, usamos e divulgamos informa\u00e7\u00f5es pessoais.<\/p>\n<p data-sourcepos=\"7:1-7:25\"><strong>Informa\u00e7\u00f5es coletadas<\/strong><\/p>\n<p data-sourcepos=\"9:1-9:156\">Coletamos informa\u00e7\u00f5es pessoais quando voc\u00ea usa nosso bot\u00e3o do WhatsApp para solicitar um pedido de g\u00e1s. As informa\u00e7\u00f5es pessoais que coletamos podem incluir:<\/p>\n<ul data-sourcepos=\"11:1-18:0\">\n<li data-sourcepos=\"11:1-11:6\">Nome<\/li>\n<li data-sourcepos=\"12:1-12:10\">Endere\u00e7o<\/li>\n<li data-sourcepos=\"14:1-14:20\">N\u00famero de telefone<\/li>\n<li data-sourcepos=\"16:1-16:13\">Tipo de g\u00e1s<\/li>\n<\/ul>\n<p data-sourcepos=\"19:1-19:22\"><strong>Uso de informa\u00e7\u00f5es<\/strong><\/p>\n<p data-sourcepos=\"21:1-21:252\">Usamos as informa\u00e7\u00f5es coletadas para fornecer nossos servi\u00e7os, para contat\u00e1-lo e para fins de marketing.<\/p>\n<p data-sourcepos=\"23:1-23:27\"><strong>Prote\u00e7\u00e3o de informa\u00e7\u00f5es<\/strong><\/p>\n<p data-sourcepos=\"25:1-25:132\">Usamos medidas de seguran\u00e7a para proteger as informa\u00e7\u00f5es coletadas de acesso n\u00e3o autorizado, uso indevido, divulga\u00e7\u00e3o ou destrui\u00e7\u00e3o.<\/p>\n<p data-sourcepos=\"27:1-27:25\"><strong>Direitos dos clientes<\/strong><\/p>\n<p data-sourcepos=\"29:1-29:162\">Os clientes t\u00eam o direito de acessar, corrigir ou excluir suas informa\u00e7\u00f5es pessoais. Para fazer isso, entre em contato conosco pelo WhatsApp\u00a0<\/p>\n<p data-sourcepos=\"31:1-31:43\"><strong>Atualiza\u00e7\u00f5es da pol\u00edtica de privacidade<\/strong><\/p>\n<p data-sourcepos=\"33:1-33:215\">Atualizamos nossa pol\u00edtica de privacidade regularmente para refletir as mudan\u00e7as nas leis ou em nossas pr\u00e1ticas de privacidade. Voc\u00ea pode acessar a vers\u00e3o mais recente da nossa pol\u00edtica de privacidade em nosso site.<\/p>\n<p data-sourcepos=\"39:1-39:13\"><strong>Perguntas<\/strong><\/p>\n<p data-sourcepos=\"41:1-41:125\">Se voc\u00ea tiver alguma d\u00favida sobre nossa pol\u00edtica de privacidade, entre em contato conosco pelo WhatsApp\u00a0<\/p>\n<p data-sourcepos=\"43:1-43:12\"><strong>Exce\u00e7\u00f5es<\/strong><\/p>\n<p data-sourcepos=\"45:1-45:110\">N\u00e3o coletaremos ou usaremos informa\u00e7\u00f5es pessoais sem o seu consentimento, exceto nas seguintes circunst\u00e2ncias:<\/p>\n<ul data-sourcepos=\"47:1-51:0\">\n<li data-sourcepos=\"47:1-47:50\">Quando necess\u00e1rio para fornecer nossos servi\u00e7os;<\/li>\n<li data-sourcepos=\"48:1-48:53\">Quando necess\u00e1rio para cumprir uma obriga\u00e7\u00e3o legal;<\/li>\n<li data-sourcepos=\"49:1-49:65\">Quando necess\u00e1rio para proteger nossos interesses leg\u00edtimos<\/li>\n<\/ul>\n<p data-sourcepos=\"52:1-52:17\"><strong>Consentimento<\/strong><\/p>\n<p data-sourcepos=\"54:1-54:177\">Ao usar nosso bot\u00e3o do WhatsApp para solicitar um pedido de g\u00e1s, voc\u00ea concorda com a coleta e o uso de suas informa\u00e7\u00f5es pessoais conforme descrito nesta pol\u00edtica de privacidade.<\/p>\n<p>[\/et_pb_text][\/et_pb_column][\/et_pb_row][\/et_pb_section][et_pb_section fb_built=&#8221;1&#8243; admin_label=&#8221;Video&#8221; _builder_version=&#8221;4.16&#8243; custom_padding=&#8221;0px||0px|&#8221; animation_style=&#8221;fold&#8221; animation_direction=&#8221;bottom&#8221; animation_intensity_fold=&#8221;4%&#8221; global_colors_info=&#8221;{}&#8221; _module_preset=&#8221;default&#8221; theme_builder_area=&#8221;post_content&#8221;][\/et_pb_section]<\/p>\n","protected":false},"excerpt":{"rendered":"<p>Pol\u00edtica de Privacidade da Souza G\u00e1sIntrodu\u00e7\u00e3o A Souza G\u00e1s est\u00e1 comprometida em proteger a privacidade de seus clientes. Esta pol\u00edtica de privacidade descreve como coletamos, usamos e divulgamos informa\u00e7\u00f5es pessoais. Informa\u00e7\u00f5es coletadas Coletamos informa\u00e7\u00f5es pessoais quando voc\u00ea usa nosso bot\u00e3o do WhatsApp para solicitar um pedido de g\u00e1s. As informa\u00e7\u00f5es pessoais que coletamos podem incluir: [&hellip;]<\/p>\n","protected":false},"author":1,"featured_media":0,"parent":0,"menu_order":0,"comment_status":"closed","ping_status":"closed","template":"","meta":{"_et_pb_use_builder":"on","_et_pb_old_content":"","_et_gb_content_width":"","_joinchat":[],"footnotes":""},"class_list":["post-227","page","type-page","status-publish","hentry"],"_links":{"self":[{"href":"https:\/\/souzagaseagua.com\/index.php\/wp-json\/wp\/v2\/pages\/227","targetHints":{"allow":["GET"]}}],"collection":[{"href":"https:\/\/souzagaseagua.com\/index.php\/wp-json\/wp\/v2\/pages"}],"about":[{"href":"https:\/\/souzagaseagua.com\/index.php\/wp-json\/wp\/v2\/types\/page"}],"author":[{"embeddable":true,"href":"https:\/\/souzagaseagua.com\/index.php\/wp-json\/wp\/v2\/users\/1"}],"replies":[{"embeddable":true,"href":"https:\/\/souzagaseagua.com\/index.php\/wp-json\/wp\/v2\/comments?post=227"}],"version-history":[{"count":3,"href":"https:\/\/souzagaseagua.com\/index.php\/wp-json\/wp\/v2\/pages\/227\/revisions"}],"predecessor-version":[{"id":273,"href":"https:\/\/souzagaseagua.com\/index.php\/wp-json\/wp\/v2\/pages\/227\/revisions\/273"}],"wp:attachment":[{"href":"https:\/\/souzagaseagua.com\/index.php\/wp-json\/wp\/v2\/media?parent=227"}],"curies":[{"name":"wp","href":"https:\/\/api.w.org\/{rel}","templated":true}]}}