{"id":295,"date":"2024-08-13T19:23:19","date_gmt":"2024-08-13T22:23:19","guid":{"rendered":"https:\/\/souzagaseagua.com\/?post_type=product&#038;p=295"},"modified":"2024-08-14T00:51:58","modified_gmt":"2024-08-14T03:51:58","slug":"agua-mineral-mix-15-litros","status":"publish","type":"product","link":"https:\/\/souzagaseagua.com\/index.php\/produto\/agua-mineral-mix-15-litros\/","title":{"rendered":"\u00c1gua Mineral Mix 1,5 Litros"},"content":{"rendered":"<p>A \u00c1gua Mineral Mix 1,5 litros combina a pureza da \u00e1gua mineral natural com um toque de sabor refrescante. Dispon\u00edvel em diversos sabores, \u00e9 ideal para quem busca hidrata\u00e7\u00e3o com um toque de diferencia\u00e7\u00e3o. Compacta e pr\u00e1tica, a garrafa de 500ml \u00e9 perfeita para levar na bolsa, mochila ou no carro, proporcionando frescor a qualquer momento do seu dia.<\/p>\n","protected":false},"excerpt":{"rendered":"<p><strong>Benef\u00edcios:<\/strong><\/p>\n<ul>\n<li><strong>Variedade:<\/strong> Dispon\u00edvel em sabores deliciosos para agradar todos os gostos.<\/li>\n<li><strong>Portabilidade:<\/strong> Tamanho ideal para consumo em movimento, sem comprometer a qualidade da \u00e1gua.<\/li>\n<\/ul>\n","protected":false},"featured_media":351,"comment_status":"open","ping_status":"closed","template":"","meta":{"_et_pb_use_builder":"","_et_pb_old_content":"","_et_gb_content_width":"","_joinchat":[]},"product_cat":[23],"product_tag":[],"class_list":{"0":"post-295","1":"product","2":"type-product","3":"status-publish","4":"has-post-thumbnail","6":"product_cat-sem-categoria","8":"first","9":"instock","10":"sold-individually","11":"shipping-taxable","12":"product-type-simple"},"_links":{"self":[{"href":"https:\/\/souzagaseagua.com\/index.php\/wp-json\/wp\/v2\/product\/295","targetHints":{"allow":["GET"]}}],"collection":[{"href":"https:\/\/souzagaseagua.com\/index.php\/wp-json\/wp\/v2\/product"}],"about":[{"href":"https:\/\/souzagaseagua.com\/index.php\/wp-json\/wp\/v2\/types\/product"}],"replies":[{"embeddable":true,"href":"https:\/\/souzagaseagua.com\/index.php\/wp-json\/wp\/v2\/comments?post=295"}],"wp:featuredmedia":[{"embeddable":true,"href":"https:\/\/souzagaseagua.com\/index.php\/wp-json\/wp\/v2\/media\/351"}],"wp:attachment":[{"href":"https:\/\/souzagaseagua.com\/index.php\/wp-json\/wp\/v2\/media?parent=295"}],"wp:term":[{"taxonomy":"product_cat","embeddable":true,"href":"https:\/\/souzagaseagua.com\/index.php\/wp-json\/wp\/v2\/product_cat?post=295"},{"taxonomy":"product_tag","embeddable":true,"href":"https:\/\/souzagaseagua.com\/index.php\/wp-json\/wp\/v2\/product_tag?post=295"}],"curies":[{"name":"wp","href":"https:\/\/api.w.org\/{rel}","templated":true}]}}